{"id":7845,"date":"2024-06-28T07:56:00","date_gmt":"2024-06-28T07:56:00","guid":{"rendered":"https:\/\/redflag-project.eu\/?page_id=7845"},"modified":"2024-12-17T08:44:31","modified_gmt":"2024-12-17T08:44:31","slug":"partners","status":"publish","type":"page","link":"https:\/\/redflag-project.eu\/it\/partners\/","title":{"rendered":"Partners"},"content":{"rendered":"\t\t<div data-elementor-type=\"wp-page\" data-elementor-id=\"7845\" class=\"elementor elementor-7845 elementor-5468\">\n\t\t\t\t<div class=\"elementor-element elementor-element-2e2fa094 e-flex e-con-boxed e-con e-parent\" data-id=\"2e2fa094\" data-element_type=\"container\" data-settings=\"{&quot;background_background&quot;:&quot;classic&quot;}\">\n\t\t\t\t\t<div class=\"e-con-inner\">\n\t\t<div class=\"elementor-element elementor-element-4d906151 e-con-full e-flex e-con e-child\" data-id=\"4d906151\" data-element_type=\"container\">\n\t\t\t\t<div class=\"elementor-element elementor-element-28101450 elementor-widget elementor-widget-image\" data-id=\"28101450\" data-element_type=\"widget\" data-widget_type=\"image.default\">\n\t\t\t\t<div class=\"elementor-widget-container\">\n\t\t\t\t\t\t\t\t\t\t\t\t\t\t\t<img decoding=\"async\" src=\"https:\/\/redflag-project.eu\/wp-content\/uploads\/elementor\/thumbs\/Logo_PortaAperta_Transparent-qqezv84akdbc37hqch1sqrsld8qj48gwc9omocq9s0.png\" title=\"Logo_PortaAperta_Transparent\" alt=\"Logo_PortaAperta_Transparent\" loading=\"lazy\" \/>\t\t\t\t\t\t\t\t\t\t\t\t\t\t\t<\/div>\n\t\t\t\t<\/div>\n\t\t\t\t<\/div>\n\t\t<div class=\"elementor-element elementor-element-5619ff36 e-con-full e-flex e-con e-child\" data-id=\"5619ff36\" data-element_type=\"container\">\n\t\t\t\t<div class=\"elementor-element elementor-element-3b03c5f8 elementor-widget elementor-widget-heading\" data-id=\"3b03c5f8\" data-element_type=\"widget\" data-widget_type=\"heading.default\">\n\t\t\t\t<div class=\"elementor-widget-container\">\n\t\t\t\t\t<h1 class=\"elementor-heading-title elementor-size-default\">Porta Aperta<\/h1>\t\t\t\t<\/div>\n\t\t\t\t<\/div>\n\t\t\t\t<div class=\"elementor-element elementor-element-4648efcd elementor-widget elementor-widget-heading\" data-id=\"4648efcd\" data-element_type=\"widget\" data-widget_type=\"heading.default\">\n\t\t\t\t<div class=\"elementor-widget-container\">\n\t\t\t\t\t<h2 class=\"elementor-heading-title elementor-size-default\">Italia<\/h2>\t\t\t\t<\/div>\n\t\t\t\t<\/div>\n\t\t\t\t<div class=\"elementor-element elementor-element-4e4a1285 elementor-widget elementor-widget-heading\" data-id=\"4e4a1285\" data-element_type=\"widget\" data-widget_type=\"heading.default\">\n\t\t\t\t<div class=\"elementor-widget-container\">\n\t\t\t\t\t<p class=\"elementor-heading-title elementor-size-default\"><a href=\"https:\/\/www.portapertaonlus.it\/\">www.portapertaonlus.it<\/a><\/p>\t\t\t\t<\/div>\n\t\t\t\t<\/div>\n\t\t\t\t<\/div>\n\t\t<div class=\"elementor-element elementor-element-1a869ae8 e-con-full e-flex e-con e-child\" data-id=\"1a869ae8\" data-element_type=\"container\">\n\t\t\t\t<div class=\"elementor-element elementor-element-4038cca7 elementor-widget elementor-widget-text-editor\" data-id=\"4038cca7\" data-element_type=\"widget\" data-widget_type=\"text-editor.default\">\n\t\t\t\t<div class=\"elementor-widget-container\">\n\t\t\t\t\t\t\t\t\t<p>Porta Aperta \u00e8 stata fondata nel 2001 come cooperativa sociale di tipo A denominata \u201cPorta Aperta Piccola Societ\u00e0 Cooperativa Sociale a r.l.\u201d. Ha cambiato nome in quello attuale nel 2005 e, nello stesso anno, ha contribuito alla fondazione del Consorzio di Cooperative Sociali \u201cAndalas de Amistade\u201d.<\/p><p><em>Porta Aperta<\/em> mette la persona al centro delle proprie azioni, adottando una metodologia di lavoro mirata a migliorare il benessere e la qualit\u00e0 della vita di tutti coloro che partecipano alla vita e alle attivit\u00e0 della Cooperativa, ovvero:<\/p><ul><li>le sue risorse umane: punta a ottimizzare le competenze umane, culturali, professionali ed economiche attraverso una formazione costante, il supporto di uno psicologo-supervisore e una metodologia di contenimento del turnover basata sull\u2019ascolto delle esigenze di ciascuno.<\/li><li>le persone beneficiarie a cui rivolge le proprie attivit\u00e0: agisce con piani di intervento personalizzati che tengono conto di ogni aspetto della persona coinvolta e promuove il lavoro di squadra multidisciplinare per rispondere a ogni tipo di esigenza.<\/li><li>gli enti e le organizzazioni pubbliche e private per cui svolge servizi o con cui collabora: attenta ai bisogni sociali del contesto territoriale di riferimento, organizza servizi focalizzati sulla collaborazione in rete con le risorse presenti sul territorio.<\/li><\/ul>\t\t\t\t\t\t\t\t<\/div>\n\t\t\t\t<\/div>\n\t\t\t\t<\/div>\n\t\t\t\t\t<\/div>\n\t\t\t\t<\/div>\n\t\t<div class=\"elementor-element elementor-element-521f233 e-flex e-con-boxed e-con e-parent\" data-id=\"521f233\" data-element_type=\"container\" data-settings=\"{&quot;background_background&quot;:&quot;classic&quot;}\">\n\t\t\t\t\t<div class=\"e-con-inner\">\n\t\t<div class=\"elementor-element elementor-element-652232b e-con-full e-flex e-con e-child\" data-id=\"652232b\" data-element_type=\"container\">\n\t\t\t\t<div class=\"elementor-element elementor-element-ed3a91b elementor-widget elementor-widget-image\" data-id=\"ed3a91b\" data-element_type=\"widget\" data-widget_type=\"image.default\">\n\t\t\t\t<div class=\"elementor-widget-container\">\n\t\t\t\t\t\t\t\t\t\t\t\t\t\t\t<img decoding=\"async\" src=\"https:\/\/redflag-project.eu\/wp-content\/uploads\/elementor\/thumbs\/PEDRA-Verticale-Trasparente-qqezv4cxt166srn6yffagsqqzp929g1yzr2or8vugw.png\" title=\"PEDRA Verticale Trasparente\" alt=\"PEDRA Verticale Trasparente\" loading=\"lazy\" \/>\t\t\t\t\t\t\t\t\t\t\t\t\t\t\t<\/div>\n\t\t\t\t<\/div>\n\t\t\t\t<\/div>\n\t\t<div class=\"elementor-element elementor-element-1b121d2 e-con-full e-flex e-con e-child\" data-id=\"1b121d2\" data-element_type=\"container\">\n\t\t\t\t<div class=\"elementor-element elementor-element-2772b5a elementor-widget elementor-widget-heading\" data-id=\"2772b5a\" data-element_type=\"widget\" data-widget_type=\"heading.default\">\n\t\t\t\t<div class=\"elementor-widget-container\">\n\t\t\t\t\t<h1 class=\"elementor-heading-title elementor-size-default\">Fundacja Pedra<\/h1>\t\t\t\t<\/div>\n\t\t\t\t<\/div>\n\t\t\t\t<div class=\"elementor-element elementor-element-84cdf77 elementor-widget elementor-widget-heading\" data-id=\"84cdf77\" data-element_type=\"widget\" data-widget_type=\"heading.default\">\n\t\t\t\t<div class=\"elementor-widget-container\">\n\t\t\t\t\t<h2 class=\"elementor-heading-title elementor-size-default\">Polonia<\/h2>\t\t\t\t<\/div>\n\t\t\t\t<\/div>\n\t\t\t\t<div class=\"elementor-element elementor-element-1fabe57 elementor-widget elementor-widget-heading\" data-id=\"1fabe57\" data-element_type=\"widget\" data-widget_type=\"heading.default\">\n\t\t\t\t<div class=\"elementor-widget-container\">\n\t\t\t\t\t<p class=\"elementor-heading-title elementor-size-default\"><a href=\"https:\/\/www.fundacjapedra.eu\/\">www.fundacjapedra.eu<\/a><\/p>\t\t\t\t<\/div>\n\t\t\t\t<\/div>\n\t\t\t\t<\/div>\n\t\t<div class=\"elementor-element elementor-element-68767be e-con-full e-flex e-con e-child\" data-id=\"68767be\" data-element_type=\"container\">\n\t\t\t\t<div class=\"elementor-element elementor-element-2378a2a elementor-widget elementor-widget-text-editor\" data-id=\"2378a2a\" data-element_type=\"widget\" data-widget_type=\"text-editor.default\">\n\t\t\t\t<div class=\"elementor-widget-container\">\n\t\t\t\t\t\t\t\t\t<section class=\"elementor-section elementor-top-section elementor-element elementor-element-b539ac2 elementor-section-boxed elementor-section-height-default elementor-section-height-default\" data-id=\"b539ac2\" data-element_type=\"section\"><div class=\"elementor-container elementor-column-gap-default\"><div class=\"elementor-column elementor-col-100 elementor-top-column elementor-element elementor-element-7daf037\" data-id=\"7daf037\" data-element_type=\"column\"><div class=\"elementor-widget-wrap elementor-element-populated\"><div class=\"elementor-element elementor-element-d458a14 elementor-widget elementor-widget-text-editor\" data-id=\"d458a14\" data-element_type=\"widget\" data-widget_type=\"text-editor.default\"><div class=\"elementor-widget-container\"><p>Fundacja Pedra connette culture, colma le distanze e crea soluzioni per un domani migliore. Al centro della sua missione c\u2019\u00e8 un impegno incrollabile a promuovere apertura, rispetto e celebrazione della diversit\u00e0, coltivando un senso collettivo di cittadinanza globale che supera ogni confine.<\/p><p>La Fondazione \u00e8 dedicata a creare una societ\u00e0 inclusiva in cui ogni individuo possa prosperare. Attraverso partenariati strategici, abbatte le barriere e offre alle persone competenze digitali fondamentali per affrontare l\u2019era digitale in continua evoluzione. Come promotrice dell\u2019imprenditoria sociale, favorisce soluzioni innovative e guida il cambiamento.<\/p><p>Il loro team di specialisti mette in sinergia organizzazioni diverse, progettando strategie efficaci e stimolando l\u2019impegno civico. Insieme, risvegliano la consapevolezza, ispirano azioni concrete e orchestrano un cambiamento trasformativo.<\/p><\/div><\/div><\/div><\/div><\/div><\/section>\t\t\t\t\t\t\t\t<\/div>\n\t\t\t\t<\/div>\n\t\t\t\t<\/div>\n\t\t\t\t\t<\/div>\n\t\t\t\t<\/div>\n\t\t<div class=\"elementor-element elementor-element-8b76586 e-flex e-con-boxed e-con e-parent\" data-id=\"8b76586\" data-element_type=\"container\" data-settings=\"{&quot;background_background&quot;:&quot;classic&quot;}\">\n\t\t\t\t\t<div class=\"e-con-inner\">\n\t\t<div class=\"elementor-element elementor-element-71877a7 e-con-full e-flex e-con e-child\" data-id=\"71877a7\" data-element_type=\"container\">\n\t\t\t\t<div class=\"elementor-element elementor-element-eb86fe2 elementor-widget elementor-widget-image\" data-id=\"eb86fe2\" data-element_type=\"widget\" data-widget_type=\"image.default\">\n\t\t\t\t<div class=\"elementor-widget-container\">\n\t\t\t\t\t\t\t\t\t\t\t\t\t\t\t<img fetchpriority=\"high\" decoding=\"async\" width=\"484\" height=\"150\" src=\"https:\/\/redflag-project.eu\/wp-content\/uploads\/2024\/06\/FAROS-ETE_logo_color.png\" class=\"attachment-large size-large wp-image-6034\" alt=\"\" srcset=\"https:\/\/redflag-project.eu\/wp-content\/uploads\/2024\/06\/FAROS-ETE_logo_color.png 484w, https:\/\/redflag-project.eu\/wp-content\/uploads\/2024\/06\/FAROS-ETE_logo_color-300x93.png 300w\" sizes=\"(max-width: 484px) 100vw, 484px\" \/>\t\t\t\t\t\t\t\t\t\t\t\t\t\t\t<\/div>\n\t\t\t\t<\/div>\n\t\t\t\t<\/div>\n\t\t<div class=\"elementor-element elementor-element-9855160 e-con-full e-flex e-con e-child\" data-id=\"9855160\" data-element_type=\"container\">\n\t\t\t\t<div class=\"elementor-element elementor-element-cd40f77 elementor-widget elementor-widget-heading\" data-id=\"cd40f77\" data-element_type=\"widget\" data-widget_type=\"heading.default\">\n\t\t\t\t<div class=\"elementor-widget-container\">\n\t\t\t\t\t<h1 class=\"elementor-heading-title elementor-size-default\">ETE FAROS<\/h1>\t\t\t\t<\/div>\n\t\t\t\t<\/div>\n\t\t\t\t<div class=\"elementor-element elementor-element-3d4a1cd elementor-widget elementor-widget-heading\" data-id=\"3d4a1cd\" data-element_type=\"widget\" data-widget_type=\"heading.default\">\n\t\t\t\t<div class=\"elementor-widget-container\">\n\t\t\t\t\t<h2 class=\"elementor-heading-title elementor-size-default\">Cipro<\/h2>\t\t\t\t<\/div>\n\t\t\t\t<\/div>\n\t\t\t\t<div class=\"elementor-element elementor-element-dc9a885 elementor-widget elementor-widget-heading\" data-id=\"dc9a885\" data-element_type=\"widget\" data-widget_type=\"heading.default\">\n\t\t\t\t<div class=\"elementor-widget-container\">\n\t\t\t\t\t<p class=\"elementor-heading-title elementor-size-default\"><a href=\"https:\/\/etefaros.eu\/\">www.etefaros.eu<\/a><\/p>\t\t\t\t<\/div>\n\t\t\t\t<\/div>\n\t\t\t\t<\/div>\n\t\t<div class=\"elementor-element elementor-element-e156ec0 e-con-full e-flex e-con e-child\" data-id=\"e156ec0\" data-element_type=\"container\">\n\t\t\t\t<div class=\"elementor-element elementor-element-a2d7d53 elementor-widget elementor-widget-text-editor\" data-id=\"a2d7d53\" data-element_type=\"widget\" data-widget_type=\"text-editor.default\">\n\t\t\t\t<div class=\"elementor-widget-container\">\n\t\t\t\t\t\t\t\t\t<p>Fondata nel 1998, durante un\u2019epoca cruciale di riforma educativa guidata dai progressi tecnologici, PCX Computers &amp; Information Systems Ltd ha cambiato nome in ETE FAROS LTD nel 2023. Specializzata in IMPRENDITORIALIT\u00c0 &#8211; TECNOLOGIA &#8211; EDUCAZIONE, FAROS si dedica alla fornitura di servizi di consulenza di alta qualit\u00e0 e formazione innovativa. Si concentra sullo sviluppo di soluzioni ICT per le PMI, inclusi sistemi ERP e CRM, e offre competenze nella creazione di piattaforme e-learning. Con un team di 10 esperti, FAROS promuove collaborazioni con enti educativi esterni, supporta l\u2019imprenditorialit\u00e0 e partecipa a progetti europei per migliorare le competenze digitali e la crescita delle PMI. Impegnata per l\u2019eccellenza, FAROS promuove la digitalizzazione nei settori aziendale ed educativo.<\/p>\t\t\t\t\t\t\t\t<\/div>\n\t\t\t\t<\/div>\n\t\t\t\t<\/div>\n\t\t\t\t\t<\/div>\n\t\t\t\t<\/div>\n\t\t<div class=\"elementor-element elementor-element-9079e7a e-flex e-con-boxed e-con e-parent\" data-id=\"9079e7a\" data-element_type=\"container\" data-settings=\"{&quot;background_background&quot;:&quot;classic&quot;}\">\n\t\t\t\t\t<div class=\"e-con-inner\">\n\t\t<div class=\"elementor-element elementor-element-3bdcc20 e-con-full e-flex e-con e-child\" data-id=\"3bdcc20\" data-element_type=\"container\">\n\t\t\t\t<div class=\"elementor-element elementor-element-9ae10c6 elementor-widget elementor-widget-image\" data-id=\"9ae10c6\" data-element_type=\"widget\" data-widget_type=\"image.default\">\n\t\t\t\t<div class=\"elementor-widget-container\">\n\t\t\t\t\t\t\t\t\t\t\t\t\t\t\t<img decoding=\"async\" src=\"https:\/\/redflag-project.eu\/wp-content\/uploads\/elementor\/thumbs\/yspdb_en-qqezv68m6p8rfzkgng8jls9o6gzsou9fo0dnpst24g.png\" title=\"yspdb_en\" alt=\"yspdb_en\" loading=\"lazy\" \/>\t\t\t\t\t\t\t\t\t\t\t\t\t\t\t<\/div>\n\t\t\t\t<\/div>\n\t\t\t\t<\/div>\n\t\t<div class=\"elementor-element elementor-element-9cc2ac7 e-con-full e-flex e-con e-child\" data-id=\"9cc2ac7\" data-element_type=\"container\">\n\t\t\t\t<div class=\"elementor-element elementor-element-f9f533f elementor-widget elementor-widget-heading\" data-id=\"f9f533f\" data-element_type=\"widget\" data-widget_type=\"heading.default\">\n\t\t\t\t<div class=\"elementor-widget-container\">\n\t\t\t\t\t<h1 class=\"elementor-heading-title elementor-size-default\">Youth Society for Peace and Development of the Balkans (YSPDB)<\/h1>\t\t\t\t<\/div>\n\t\t\t\t<\/div>\n\t\t\t\t<div class=\"elementor-element elementor-element-c8faa15 elementor-widget elementor-widget-heading\" data-id=\"c8faa15\" data-element_type=\"widget\" data-widget_type=\"heading.default\">\n\t\t\t\t<div class=\"elementor-widget-container\">\n\t\t\t\t\t<h2 class=\"elementor-heading-title elementor-size-default\">Bulgaria<\/h2>\t\t\t\t<\/div>\n\t\t\t\t<\/div>\n\t\t\t\t<div class=\"elementor-element elementor-element-40ef46e elementor-widget elementor-widget-heading\" data-id=\"40ef46e\" data-element_type=\"widget\" data-widget_type=\"heading.default\">\n\t\t\t\t<div class=\"elementor-widget-container\">\n\t\t\t\t\t<p class=\"elementor-heading-title elementor-size-default\"><a href=\"https:\/\/yspdb.org\/\">yspdb.org<\/a><\/p>\t\t\t\t<\/div>\n\t\t\t\t<\/div>\n\t\t\t\t<\/div>\n\t\t<div class=\"elementor-element elementor-element-2576a35 e-con-full e-flex e-con e-child\" data-id=\"2576a35\" data-element_type=\"container\">\n\t\t\t\t<div class=\"elementor-element elementor-element-7d61d03 elementor-widget elementor-widget-text-editor\" data-id=\"7d61d03\" data-element_type=\"widget\" data-widget_type=\"text-editor.default\">\n\t\t\t\t<div class=\"elementor-widget-container\">\n\t\t\t\t\t\t\t\t\t<p>L\u2019Associazione Giovanile per la Pace e lo Sviluppo dei Balcani (Youth Association for Peace and Development of the Balkans, YSPDB) \u00e8 stata fondata nel 1998 come gruppo informale di leader di organizzazioni giovanili. Registrata ufficialmente come organizzazione non governativa nel 2001 secondo la legislazione bulgara, YSPDB \u00e8 composta da giovani, operatori giovanili, esperti e cittadini. L\u2019associazione \u00e8 impegnata a responsabilizzare i giovani, offrendo loro opportunit\u00e0 per sviluppare il proprio potenziale e diventare membri attivi, informati e costruttivi della societ\u00e0 attraverso un lavoro giovanile efficace.<\/p>\t\t\t\t\t\t\t\t<\/div>\n\t\t\t\t<\/div>\n\t\t\t\t<\/div>\n\t\t\t\t\t<\/div>\n\t\t\t\t<\/div>\n\t\t\t\t<\/div>\n\t\t","protected":false},"excerpt":{"rendered":"<p>Porta Aperta Italia www.portapertaonlus.it Porta Aperta \u00e8 stata fondata nel 2001 come cooperativa sociale di tipo A denominata \u201cPorta Aperta Piccola Societ\u00e0 Cooperativa Sociale a r.l.\u201d. Ha cambiato nome in quello attuale nel 2005 e, nello stesso anno, ha contribuito alla fondazione del Consorzio di Cooperative Sociali \u201cAndalas de Amistade\u201d. Porta Aperta mette la persona [&hellip;]<\/p>\n","protected":false},"author":1,"featured_media":0,"parent":0,"menu_order":0,"comment_status":"closed","ping_status":"closed","template":"","meta":{"footnotes":""},"class_list":["post-7845","page","type-page","status-publish","hentry"],"_links":{"self":[{"href":"https:\/\/redflag-project.eu\/it\/wp-json\/wp\/v2\/pages\/7845","targetHints":{"allow":["GET"]}}],"collection":[{"href":"https:\/\/redflag-project.eu\/it\/wp-json\/wp\/v2\/pages"}],"about":[{"href":"https:\/\/redflag-project.eu\/it\/wp-json\/wp\/v2\/types\/page"}],"author":[{"embeddable":true,"href":"https:\/\/redflag-project.eu\/it\/wp-json\/wp\/v2\/users\/1"}],"replies":[{"embeddable":true,"href":"https:\/\/redflag-project.eu\/it\/wp-json\/wp\/v2\/comments?post=7845"}],"version-history":[{"count":0,"href":"https:\/\/redflag-project.eu\/it\/wp-json\/wp\/v2\/pages\/7845\/revisions"}],"wp:attachment":[{"href":"https:\/\/redflag-project.eu\/it\/wp-json\/wp\/v2\/media?parent=7845"}],"curies":[{"name":"wp","href":"https:\/\/api.w.org\/{rel}","templated":true}]}}