{"id":7415,"date":"2024-06-25T12:22:43","date_gmt":"2024-06-25T12:22:43","guid":{"rendered":"https:\/\/redflag-project.eu\/?page_id=7415"},"modified":"2024-11-18T07:16:54","modified_gmt":"2024-11-18T07:16:54","slug":"kontakt-z-nami","status":"publish","type":"page","link":"https:\/\/redflag-project.eu\/pl\/kontakt-z-nami\/","title":{"rendered":"Kontakt z nami"},"content":{"rendered":"\t\t<div data-elementor-type=\"wp-page\" data-elementor-id=\"7415\" class=\"elementor elementor-7415 elementor-29\">\n\t\t\t\t<div class=\"elementor-element elementor-element-688a531 e-flex e-con-boxed e-con e-parent\" data-id=\"688a531\" data-element_type=\"container\" data-settings=\"{&quot;background_background&quot;:&quot;classic&quot;}\">\n\t\t\t\t\t<div class=\"e-con-inner\">\n\t\t<div class=\"elementor-element elementor-element-6da89e4 e-con-full e-flex e-con e-child\" data-id=\"6da89e4\" data-element_type=\"container\">\n\t\t\t\t<div class=\"elementor-element elementor-element-b6d4d39 elementor-widget__width-initial elementor-widget elementor-widget-dtr-section-intro\" data-id=\"b6d4d39\" data-element_type=\"widget\" data-widget_type=\"dtr-section-intro.default\">\n\t\t\t\t<div class=\"elementor-widget-container\">\n\t\t\t\t\t    <div class=\"dtr-section-intro text-left\">\r\n    \t           <p class=\"dtr-section-intro__subheading\">Skontaktuj si\u0119 z nami<\/p>\r\n                        \t<h2 class=\"dtr-section-intro__heading\">Tw\u00f3rzmy razem pozytywne zmiany!<\/h2>\r\n                    <\/div>\r\n\t\t\t\t<\/div>\n\t\t\t\t<\/div>\n\t\t\t\t<div class=\"elementor-element elementor-element-3526ead elementor-widget elementor-widget-text-editor\" data-id=\"3526ead\" data-element_type=\"widget\" data-widget_type=\"text-editor.default\">\n\t\t\t\t<div class=\"elementor-widget-container\">\n\t\t\t\t\t\t\t\t\t<p>Masz pytania lub chcesz do\u0142\u0105czy\u0107? Napisz do nas i wsp\u00f3lnie dzia\u0142ajmy na rzecz zmiany. Tw\u00f3j g\u0142os jest wa\u017cny \u2013 razem mo\u017cemy budowa\u0107 lepsz\u0105 przysz\u0142o\u015b\u0107.<\/p>\t\t\t\t\t\t\t\t<\/div>\n\t\t\t\t<\/div>\n\t\t<div class=\"elementor-element elementor-element-ec62446 e-con-full e-flex e-con e-child\" data-id=\"ec62446\" data-element_type=\"container\" data-settings=\"{&quot;background_background&quot;:&quot;classic&quot;}\">\n\t\t\t\t<div class=\"elementor-element elementor-element-7cf516b elementor-widget elementor-widget-dtr-feature\" data-id=\"7cf516b\" data-element_type=\"widget\" data-widget_type=\"dtr-feature.default\">\n\t\t\t\t<div class=\"elementor-widget-container\">\n\t\t\t\t\t        <div class=\"dtr-feature  dtr-feature--style-circle dtr-feature--icon-vert-align-top dtr-feature--text-left dtr-feature--icon-align-left dtr-feature--size-small \">\r\n            <div class=\"dtr-icon dtr-feature__icon\">\r\n             <svg aria-hidden=\"true\" class=\"e-font-icon-svg e-fas-envelope\" viewBox=\"0 0 512 512\" xmlns=\"http:\/\/www.w3.org\/2000\/svg\"><path d=\"M502.3 190.8c3.9-3.1 9.7-.2 9.7 4.7V400c0 26.5-21.5 48-48 48H48c-26.5 0-48-21.5-48-48V195.6c0-5 5.7-7.8 9.7-4.7 22.4 17.4 52.1 39.5 154.1 113.6 21.1 15.4 56.7 47.8 92.2 47.6 35.7.3 72-32.8 92.3-47.6 102-74.1 131.6-96.3 154-113.7zM256 320c23.2.4 56.6-29.2 73.4-41.4 132.7-96.3 142.8-104.7 173.4-128.7 5.8-4.5 9.2-11.5 9.2-18.9v-19c0-26.5-21.5-48-48-48H48C21.5 64 0 85.5 0 112v19c0 7.4 3.4 14.3 9.2 18.9 30.6 23.9 40.7 32.4 173.4 128.7 16.8 12.2 50.2 41.8 73.4 41.4z\"><\/path><\/svg>      \r\n            <\/div>\r\n                     <div class=\"dtr-feature__content\">\r\n                                       <h4 class=\"dtr-feature__heading\">Wy\u015blij email<\/h4>\r\n                                       <div class=\"dtr-feature__text\"><a href=\"mailto:contact@redflag-project.eu\">contact@redflag-project.eu<\/a><\/div>\r\n                          <\/div>\r\n                <\/div>\r\n\t\t\t\t<\/div>\n\t\t\t\t<\/div>\n\t\t\t\t<\/div>\n\t\t\t\t<\/div>\n\t\t<div class=\"elementor-element elementor-element-3ea839d e-con-full e-flex e-con e-child\" data-id=\"3ea839d\" data-element_type=\"container\" data-settings=\"{&quot;background_background&quot;:&quot;classic&quot;}\">\n\t\t<div class=\"elementor-element elementor-element-1a8d277 e-flex e-con-boxed e-con e-child\" data-id=\"1a8d277\" data-element_type=\"container\" data-settings=\"{&quot;background_background&quot;:&quot;classic&quot;}\">\n\t\t\t\t\t<div class=\"e-con-inner\">\n\t\t<div class=\"elementor-element elementor-element-62ae5e8 e-flex e-con-boxed e-con e-child\" data-id=\"62ae5e8\" data-element_type=\"container\" data-settings=\"{&quot;background_background&quot;:&quot;classic&quot;,&quot;shape_divider_bottom&quot;:&quot;split&quot;,&quot;shape_divider_bottom_negative&quot;:&quot;yes&quot;}\">\n\t\t\t\t\t<div class=\"e-con-inner\">\n\t\t\t\t<div class=\"elementor-shape elementor-shape-bottom\" aria-hidden=\"true\" data-negative=\"true\">\n\t\t\t<svg xmlns=\"http:\/\/www.w3.org\/2000\/svg\" viewBox=\"0 0 1000 20\" preserveAspectRatio=\"none\">\n\t<path class=\"elementor-shape-fill\" d=\"M519.8,0.2c-11,0-19.8,8.5-19.8,19c0-10.4-8.8-19-19.8-19L0,0v20h1000V0.2H519.8z\"\/>\n<\/svg>\t\t<\/div>\n\t\t\t\t<div class=\"elementor-element elementor-element-44ec195 elementor-widget elementor-widget-heading\" data-id=\"44ec195\" data-element_type=\"widget\" data-widget_type=\"heading.default\">\n\t\t\t\t<div class=\"elementor-widget-container\">\n\t\t\t\t\t<h3 class=\"elementor-heading-title elementor-size-default\">Prze\u015blij nam wiadomo\u015b\u0107!<\/h3>\t\t\t\t<\/div>\n\t\t\t\t<\/div>\n\t\t\t\t\t<\/div>\n\t\t\t\t<\/div>\n\t\t<div class=\"elementor-element elementor-element-6d13156 e-con-full e-flex e-con e-child\" data-id=\"6d13156\" data-element_type=\"container\">\n\t\t\t\t<div class=\"elementor-element elementor-element-aecc66f elementor-widget elementor-widget-shortcode\" data-id=\"aecc66f\" data-element_type=\"widget\" data-widget_type=\"shortcode.default\">\n\t\t\t\t<div class=\"elementor-widget-container\">\n\t\t\t\t\t\t\t<div class=\"elementor-shortcode\">\n<div class=\"wpcf7 no-js\" id=\"wpcf7-f7418-o1\" lang=\"pl-PL\" dir=\"ltr\" data-wpcf7-id=\"7418\">\n<div class=\"screen-reader-response\"><p role=\"status\" aria-live=\"polite\" aria-atomic=\"true\"><\/p> <ul><\/ul><\/div>\n<form action=\"\/pl\/wp-json\/wp\/v2\/pages\/7415#wpcf7-f7418-o1\" method=\"post\" class=\"wpcf7-form init\" aria-label=\"Formularz kontaktowy\" novalidate=\"novalidate\" data-status=\"init\">\n<fieldset class=\"hidden-fields-container\"><input type=\"hidden\" name=\"_wpcf7\" value=\"7418\" \/><input type=\"hidden\" name=\"_wpcf7_version\" value=\"6.1.5\" \/><input type=\"hidden\" name=\"_wpcf7_locale\" value=\"pl_PL\" \/><input type=\"hidden\" name=\"_wpcf7_unit_tag\" value=\"wpcf7-f7418-o1\" \/><input type=\"hidden\" name=\"_wpcf7_container_post\" value=\"0\" \/><input type=\"hidden\" name=\"_wpcf7_posted_data_hash\" value=\"\" \/><input type=\"hidden\" name=\"_wpcf7_recaptcha_response\" value=\"\" \/>\n<\/fieldset>\n<div class=\"dtr-form-row-2col clearfix\">\n\t<p class=\"dtr-form-column mb-10\"><label>Imi\u0119*<span class=\"wpcf7-form-control-wrap\" data-name=\"your-name\"><input size=\"40\" maxlength=\"400\" class=\"wpcf7-form-control wpcf7-text wpcf7-validates-as-required\" aria-required=\"true\" aria-invalid=\"false\" value=\"\" type=\"text\" name=\"your-name\" \/><\/span><\/label>\n\t<\/p>\n\t<p class=\"dtr-form-column mb-10\"><label>Email*<span class=\"wpcf7-form-control-wrap\" data-name=\"your-email\"><input size=\"40\" maxlength=\"400\" class=\"wpcf7-form-control wpcf7-email wpcf7-validates-as-required wpcf7-text wpcf7-validates-as-email\" aria-required=\"true\" aria-invalid=\"false\" value=\"\" type=\"email\" name=\"your-email\" \/><\/span><\/label>\n\t<\/p>\n<\/div>\n<p><label> Telefon <span class=\"wpcf7-form-control-wrap\" data-name=\"phone-number\"><input size=\"40\" maxlength=\"400\" class=\"wpcf7-form-control wpcf7-tel wpcf7-text wpcf7-validates-as-tel\" aria-invalid=\"false\" value=\"\" type=\"tel\" name=\"phone-number\" \/><\/span> <\/label><br \/>\n<label> Temat <span class=\"wpcf7-form-control-wrap\" data-name=\"your-subject\"><input size=\"40\" maxlength=\"400\" class=\"wpcf7-form-control wpcf7-text\" aria-invalid=\"false\" value=\"\" type=\"text\" name=\"your-subject\" \/><\/span> <\/label><br \/>\n<label> Wiadomo\u015b\u0107* <span class=\"wpcf7-form-control-wrap\" data-name=\"your-message\"><textarea cols=\"10\" rows=\"3\" maxlength=\"2000\" class=\"wpcf7-form-control wpcf7-textarea wpcf7-validates-as-required\" aria-required=\"true\" aria-invalid=\"false\" name=\"your-message\"><\/textarea><\/span> <\/label><br \/>\n<span class=\"wpcf7-form-control-wrap\" data-name=\"privacy-policy-checkbox\"><span class=\"wpcf7-form-control wpcf7-acceptance\"><span class=\"wpcf7-list-item\"><label><input type=\"checkbox\" name=\"privacy-policy-checkbox\" value=\"1\" class=\"privacy-policy-checkbox\" aria-invalid=\"false\" \/><span class=\"wpcf7-list-item-label\">Zapozna\u0142em\/am si\u0119 i zgadzam si\u0119 z <a href=\"https:\/\/redflag-project.eu\/pl\/polityka-prywatnosci\/\">Polityk\u0105 Prywatno\u015bci<\/a> oraz wyra\u017cam zgod\u0119 na przechowywanie i wykorzystywanie danych, kt\u00f3re przesy\u0142am za pomoc\u0105 tego formularza, przez konsorcjum Projektu Red Flag.<\/span><\/label><\/span><\/span><\/span>\n<\/p>\n<p><button type=\"submit\" class=\"dtr-btn dtr-btn--rounded\" aria-label=\"Send Button\">Wy\u015blij wiadomo\u015b\u0107<\/button>\n<\/p><div class=\"wpcf7-response-output\" aria-hidden=\"true\"><\/div>\n<\/form>\n<\/div>\n<\/div>\n\t\t\t\t\t\t<\/div>\n\t\t\t\t<\/div>\n\t\t\t\t<\/div>\n\t\t\t\t\t<\/div>\n\t\t\t\t<\/div>\n\t\t\t\t<\/div>\n\t\t\t\t\t<\/div>\n\t\t\t\t<\/div>\n\t\t\t\t<\/div>\n\t\t","protected":false},"excerpt":{"rendered":"<p>Skontaktuj si\u0119 z nami Tw\u00f3rzmy razem pozytywne zmiany! Masz pytania lub chcesz do\u0142\u0105czy\u0107? Napisz do nas i wsp\u00f3lnie dzia\u0142ajmy na rzecz zmiany. Tw\u00f3j g\u0142os jest wa\u017cny \u2013 razem mo\u017cemy budowa\u0107 lepsz\u0105 przysz\u0142o\u015b\u0107. Wy\u015blij email contact@redflag-project.eu Prze\u015blij nam wiadomo\u015b\u0107!<\/p>\n","protected":false},"author":1,"featured_media":0,"parent":0,"menu_order":0,"comment_status":"closed","ping_status":"closed","template":"elementor_header_footer","meta":{"footnotes":""},"class_list":["post-7415","page","type-page","status-publish","hentry"],"_links":{"self":[{"href":"https:\/\/redflag-project.eu\/pl\/wp-json\/wp\/v2\/pages\/7415","targetHints":{"allow":["GET"]}}],"collection":[{"href":"https:\/\/redflag-project.eu\/pl\/wp-json\/wp\/v2\/pages"}],"about":[{"href":"https:\/\/redflag-project.eu\/pl\/wp-json\/wp\/v2\/types\/page"}],"author":[{"embeddable":true,"href":"https:\/\/redflag-project.eu\/pl\/wp-json\/wp\/v2\/users\/1"}],"replies":[{"embeddable":true,"href":"https:\/\/redflag-project.eu\/pl\/wp-json\/wp\/v2\/comments?post=7415"}],"version-history":[{"count":0,"href":"https:\/\/redflag-project.eu\/pl\/wp-json\/wp\/v2\/pages\/7415\/revisions"}],"wp:attachment":[{"href":"https:\/\/redflag-project.eu\/pl\/wp-json\/wp\/v2\/media?parent=7415"}],"curies":[{"name":"wp","href":"https:\/\/api.w.org\/{rel}","templated":true}]}}