{"id":7457,"date":"2024-10-09T11:07:51","date_gmt":"2024-10-09T11:07:51","guid":{"rendered":"https:\/\/redflag-project.eu\/?page_id=7457"},"modified":"2025-07-15T12:41:21","modified_gmt":"2025-07-15T12:41:21","slug":"wirtualne-wsparcie","status":"publish","type":"page","link":"https:\/\/redflag-project.eu\/pl\/","title":{"rendered":"Wirtualne Wsparcie"},"content":{"rendered":"\t\t<div data-elementor-type=\"wp-page\" data-elementor-id=\"7457\" class=\"elementor elementor-7457 elementor-6457\">\n\t\t\t\t<div class=\"elementor-element elementor-element-6b33d9c e-flex e-con-boxed e-con e-parent\" data-id=\"6b33d9c\" data-element_type=\"container\">\n\t\t\t\t\t<div class=\"e-con-inner\">\n\t\t<div class=\"elementor-element elementor-element-336f73a e-con-full e-flex e-con e-child\" data-id=\"336f73a\" data-element_type=\"container\">\n\t\t\t\t<div class=\"elementor-element elementor-element-6e86dfa elementor-widget elementor-widget-heading\" data-id=\"6e86dfa\" data-element_type=\"widget\" data-widget_type=\"heading.default\">\n\t\t\t\t<div class=\"elementor-widget-container\">\n\t\t\t\t\t<h1 class=\"elementor-heading-title elementor-size-default\">Witaj w projekcie Red Flag<\/h1>\t\t\t\t<\/div>\n\t\t\t\t<\/div>\n\t\t\t\t<div class=\"elementor-element elementor-element-7a3e716 elementor-widget elementor-widget-text-editor\" data-id=\"7a3e716\" data-element_type=\"widget\" data-widget_type=\"text-editor.default\">\n\t\t\t\t<div class=\"elementor-widget-container\">\n\t\t\t\t\t\t\t\t\t<p>Tw\u00f3j przewodnik po budowaniu zdrowszych, bezpieczniejszych relacji.<\/p>\t\t\t\t\t\t\t\t<\/div>\n\t\t\t\t<\/div>\n\t\t\t\t<\/div>\n\t\t<div class=\"elementor-element elementor-element-3b78fbc e-con-full elementor-hidden-mobile e-flex e-con e-child\" data-id=\"3b78fbc\" data-element_type=\"container\">\n\t\t\t\t<\/div>\n\t\t<div class=\"elementor-element elementor-element-dea04f1 e-con-full e-flex e-con e-child\" data-id=\"dea04f1\" data-element_type=\"container\">\n\t\t\t\t<div class=\"elementor-element elementor-element-522b34b elementor-widget elementor-widget-html\" data-id=\"522b34b\" data-element_type=\"widget\" data-widget_type=\"html.default\">\n\t\t\t\t<div class=\"elementor-widget-container\">\n\t\t\t\t\t<img decoding=\"async\" src=\"\/questionnaire\/rf.gif\" alt=\"red flag virtul assistance\">\t\t\t\t<\/div>\n\t\t\t\t<\/div>\n\t\t\t\t<\/div>\n\t\t<div class=\"elementor-element elementor-element-9d8b2af e-con-full elementor-hidden-mobile e-flex e-con e-child\" data-id=\"9d8b2af\" data-element_type=\"container\">\n\t\t\t\t<\/div>\n\t\t<div class=\"elementor-element elementor-element-385b3c3 e-con-full e-flex e-con e-child\" data-id=\"385b3c3\" data-element_type=\"container\">\n\t\t\t\t<div class=\"elementor-element elementor-element-9066472 elementor-widget elementor-widget-text-editor\" data-id=\"9066472\" data-element_type=\"widget\" data-widget_type=\"text-editor.default\">\n\t\t\t\t<div class=\"elementor-widget-container\">\n\t\t\t\t\t\t\t\t\t<p>Cze\u015b\u0107! Jestem Twoim wirtualnym przewodnikiem po platformie projektu Red Flag, stworzonej, aby pom\u00f3c Ci rozpozna\u0107 i reagowa\u0107 na sygna\u0142y ostrzegawcze w relacjach. Niezale\u017cnie od tego, czy chcesz oceni\u0107 swoj\u0105 relacj\u0119, dowiedzie\u0107 si\u0119 wi\u0119cej o zapobieganiu przemocy na tle p\u0142ciowym, czy zaanga\u017cowa\u0107 si\u0119 w nasze dzia\u0142ania, jestem tutaj, by Ci pom\u00f3c na ka\u017cdym etapie.<\/p>\t\t\t\t\t\t\t\t<\/div>\n\t\t\t\t<\/div>\n\t\t\t\t<\/div>\n\t\t\t\t\t<\/div>\n\t\t\t\t<\/div>\n\t\t<div class=\"elementor-element elementor-element-313a43bd e-flex e-con-boxed elementor-invisible e-con e-parent\" data-id=\"313a43bd\" data-element_type=\"container\" data-settings=\"{&quot;animation&quot;:&quot;fadeInLeft&quot;}\">\n\t\t\t\t\t<div class=\"e-con-inner\">\n\t\t<div class=\"elementor-element elementor-element-57977ffd e-flex e-con-boxed e-con e-child\" data-id=\"57977ffd\" data-element_type=\"container\">\n\t\t\t\t\t<div class=\"e-con-inner\">\n\t\t\t\t<div class=\"elementor-element elementor-element-d2d138a elementor-widget elementor-widget-heading\" data-id=\"d2d138a\" data-element_type=\"widget\" data-widget_type=\"heading.default\">\n\t\t\t\t<div class=\"elementor-widget-container\">\n\t\t\t\t\t<h2 class=\"elementor-heading-title elementor-size-default\">Co chcia\u0142by\u015b zrobi\u0107?<\/h2>\t\t\t\t<\/div>\n\t\t\t\t<\/div>\n\t\t\t\t<div class=\"elementor-element elementor-element-74d919a elementor-widget elementor-widget-dtr-flipbox\" data-id=\"74d919a\" data-element_type=\"widget\" data-widget_type=\"dtr-flipbox.default\">\n\t\t\t\t<div class=\"elementor-widget-container\">\n\t\t\t\t\t\r\n\t<div class=\"dtr-flipbox dtr-flipbox-horiz dtr-flipbox-horiz-3d dtr-square-corners\">\r\n\t\t<div class=\"dtr-flipbox__front\">\r\n\t\t\t<div class=\"dtr-flipbox__front-content\">\r\n\t\t\t\t<div class=\"dtr-flipbox__img\">\r\n\t\t\t\t\t<img decoding=\"async\" width=\"128\" height=\"128\" src=\"https:\/\/redflag-project.eu\/wp-content\/uploads\/2024\/06\/online-survey.png\" class=\"attachment-full size-full wp-image-5739\" alt=\"\" \/>\t\t\t\t<\/div>\r\n\t\t\t\t\t\t\t\t<h3 class=\"dtr-flipbox__heading\">Test relacji w zwi\u0105zku<\/h3>\r\n\t\t\t\t\t\t\t\t\t\t\t\t<p class=\"dtr-flipbox__subheading\">Chcesz sprawdzi\u0107, jak zdrowa jest Twoja relacja? Rozpocznij Test Relacji teraz!<\/p>\r\n\t\t\t\t\t\t\t<\/div>\r\n\t\t<\/div>\r\n\t\t<div class=\"dtr-flipbox__back\">\r\n\t\t\t\t\t\t<div class=\"dtr-flipbox__back-content\">Sprawd\u017a sw\u00f3j zwi\u0105zek, identyfikuj\u0105c sygna\u0142y ostrzegawcze i otrzymuj\u0105c jasn\u0105 informacj\u0119 zwrotn\u0105. To narz\u0119dzie wspiera budowanie zdrowszych relacji, pomagaj\u0105c skutecznie rozpoznawa\u0107 i reagowa\u0107 na potencjalne zagro\u017cenia. Zdob\u0105d\u017a \u015bwiadomo\u015b\u0107 i umiej\u0119tno\u015bci potrzebne do pewnego poruszania si\u0119 w relacjach i podejmowania \u015bwiadomych decyzji dla swojego dobra.<\/div>\r\n\t\t\t\t\t\t            <div class=\"dtr-flipbox__link-wrap\">\r\n            <a class=\"dtr-link\" href=\"https:\/\/redflag-project.eu\/pl\/zidentyfikuj-czerwone-flagi\/\" role=\"button\">\r\n            <span class=\"dtr-link__text\">Rozpocznij test relacji w zwi\u0105zku<\/span>\r\n            <\/a>\r\n            <\/div>\r\n\t\t\t\t\t<\/div>\r\n\t<\/div>\r\n\t\t\t\t\t<\/div>\n\t\t\t\t<\/div>\n\t\t<div class=\"elementor-element elementor-element-73a616db e-con-full e-flex e-con e-child\" data-id=\"73a616db\" data-element_type=\"container\">\n\t\t\t\t<div class=\"elementor-element elementor-element-456708c1 elementor-widget elementor-widget-dtr-flipbox\" data-id=\"456708c1\" data-element_type=\"widget\" data-widget_type=\"dtr-flipbox.default\">\n\t\t\t\t<div class=\"elementor-widget-container\">\n\t\t\t\t\t\r\n\t<div class=\"dtr-flipbox dtr-flipbox-horiz dtr-flipbox-horiz-3d dtr-square-corners\">\r\n\t\t<div class=\"dtr-flipbox__front\">\r\n\t\t\t<div class=\"dtr-flipbox__front-content\">\r\n\t\t\t\t<div class=\"dtr-flipbox__img\">\r\n\t\t\t\t\t<img decoding=\"async\" width=\"214\" height=\"150\" src=\"https:\/\/redflag-project.eu\/wp-content\/uploads\/2024\/06\/RedFlag.png\" class=\"attachment-full size-full wp-image-5449\" alt=\"\" \/>\t\t\t\t<\/div>\r\n\t\t\t\t\t\t\t\t\t\t\t\t<p class=\"dtr-flipbox__subheading\">Chcesz dowiedzie\u0107 si\u0119 wi\u0119cej o Red Flag i naszej misji?<\/p>\r\n\t\t\t\t\t\t\t<\/div>\r\n\t\t<\/div>\r\n\t\t<div class=\"dtr-flipbox__back\">\r\n\t\t\t\t\t\t            <div class=\"dtr-flipbox__link-wrap\">\r\n            <a class=\"dtr-link\" href=\"https:\/\/redflag-project.eu\/pl\/strona-glowna\/\" target=\"_blank\" role=\"button\">\r\n            <span class=\"dtr-link__text\">Odwied\u017a nasz\u0105 g\u0142\u00f3wn\u0105 stron\u0119 internetow\u0105<\/span>\r\n            <\/a>\r\n            <\/div>\r\n\t\t\t\t\t<\/div>\r\n\t<\/div>\r\n\t\t\t\t\t<\/div>\n\t\t\t\t<\/div>\n\t\t\t\t<div class=\"elementor-element elementor-element-3e6a917f elementor-widget elementor-widget-wpml-language-switcher\" data-id=\"3e6a917f\" data-element_type=\"widget\" data-widget_type=\"wpml-language-switcher.default\">\n\t\t\t\t<div class=\"elementor-widget-container\">\n\t\t\t\t\t<div class=\"wpml-elementor-ls\">\n<div role=\"navigation\" aria-label=\"Prze\u0142\u0105cznik j\u0119zyka\" class=\"wpml-ls-statics-footer wpml-ls wpml-ls-legacy-list-horizontal\">\n\t<ul><li class=\"wpml-ls-slot-footer wpml-ls-item wpml-ls-item-bg wpml-ls-first-item wpml-ls-item-legacy-list-horizontal\">\n\t\t\t\t<a href=\"https:\/\/redflag-project.eu\/bg\/\" hreflang=\"bg\" lang=\"bg\" class=\"wpml-ls-link\" aria-label=\"Prze\u0142\u0105cz na \u0411\u044a\u043b\u0433\u0430\u0440\u0441\u043a\u0438\" title=\"Prze\u0142\u0105cz na \u0411\u044a\u043b\u0433\u0430\u0440\u0441\u043a\u0438\">\n\t\t\t\t\t                                    <img decoding=\"async\"\n            class=\"wpml-ls-flag\"\n            src=\"https:\/\/redflag-project.eu\/wp-content\/plugins\/sitepress-multilingual-cms\/res\/flags\/bg.svg\"\n            alt=\"\"\n            loading=\"lazy\"\n            width=18\n            height=12\n    \/><span class=\"wpml-ls-native\">\u0411\u044a\u043b\u0433\u0430\u0440\u0441\u043a\u0438<\/span><\/a>\n\t\t\t<\/li><li class=\"wpml-ls-slot-footer wpml-ls-item wpml-ls-item-en wpml-ls-item-legacy-list-horizontal\">\n\t\t\t\t<a href=\"https:\/\/redflag-project.eu\/\" hreflang=\"en\" lang=\"en\" class=\"wpml-ls-link\" aria-label=\"Prze\u0142\u0105cz na English\" title=\"Prze\u0142\u0105cz na English\">\n\t\t\t\t\t                                    <img decoding=\"async\"\n            class=\"wpml-ls-flag\"\n            src=\"https:\/\/redflag-project.eu\/wp-content\/plugins\/sitepress-multilingual-cms\/res\/flags\/en.svg\"\n            alt=\"\"\n            loading=\"lazy\"\n            width=18\n            height=12\n    \/><span class=\"wpml-ls-native\">English<\/span><\/a>\n\t\t\t<\/li><li class=\"wpml-ls-slot-footer wpml-ls-item wpml-ls-item-el wpml-ls-item-legacy-list-horizontal\">\n\t\t\t\t<a href=\"https:\/\/redflag-project.eu\/el\/\" hreflang=\"el\" lang=\"el\" class=\"wpml-ls-link\" aria-label=\"Prze\u0142\u0105cz na \u0395\u03bb\u03bb\u03b7\u03bd\u03b9\u03ba\u03ac\" title=\"Prze\u0142\u0105cz na \u0395\u03bb\u03bb\u03b7\u03bd\u03b9\u03ba\u03ac\">\n\t\t\t\t\t                                    <img decoding=\"async\"\n            class=\"wpml-ls-flag\"\n            src=\"https:\/\/redflag-project.eu\/wp-content\/plugins\/sitepress-multilingual-cms\/res\/flags\/el.svg\"\n            alt=\"\"\n            loading=\"lazy\"\n            width=18\n            height=12\n    \/><span class=\"wpml-ls-native\">\u0395\u03bb\u03bb\u03b7\u03bd\u03b9\u03ba\u03ac<\/span><\/a>\n\t\t\t<\/li><li class=\"wpml-ls-slot-footer wpml-ls-item wpml-ls-item-it wpml-ls-item-legacy-list-horizontal\">\n\t\t\t\t<a href=\"https:\/\/redflag-project.eu\/it\/\" hreflang=\"it\" lang=\"it\" class=\"wpml-ls-link\" aria-label=\"Prze\u0142\u0105cz na Italiano\" title=\"Prze\u0142\u0105cz na Italiano\">\n\t\t\t\t\t                                    <img decoding=\"async\"\n            class=\"wpml-ls-flag\"\n            src=\"https:\/\/redflag-project.eu\/wp-content\/plugins\/sitepress-multilingual-cms\/res\/flags\/it.svg\"\n            alt=\"\"\n            loading=\"lazy\"\n            width=18\n            height=12\n    \/><span class=\"wpml-ls-native\">Italiano<\/span><\/a>\n\t\t\t<\/li><li class=\"wpml-ls-slot-footer wpml-ls-item wpml-ls-item-pl wpml-ls-current-language wpml-ls-last-item wpml-ls-item-legacy-list-horizontal\">\n\t\t\t\t<a href=\"https:\/\/redflag-project.eu\/pl\/\" hreflang=\"pl\" lang=\"pl\" class=\"wpml-ls-link\" aria-current=\"page\" aria-label=\"Prze\u0142\u0105cz na Polski\" title=\"Prze\u0142\u0105cz na Polski\">\n\t\t\t\t\t                                    <img decoding=\"async\"\n            class=\"wpml-ls-flag\"\n            src=\"https:\/\/redflag-project.eu\/wp-content\/plugins\/sitepress-multilingual-cms\/res\/flags\/pl.svg\"\n            alt=\"\"\n            loading=\"lazy\"\n            width=18\n            height=12\n    \/><span class=\"wpml-ls-native\">Polski<\/span><\/a>\n\t\t\t<\/li><\/ul>\n<\/div>\n<\/div>\t\t\t\t<\/div>\n\t\t\t\t<\/div>\n\t\t\t\t<\/div>\n\t\t\t\t\t<\/div>\n\t\t\t\t<\/div>\n\t\t\t\t\t<\/div>\n\t\t\t\t<\/div>\n\t\t\t\t<\/div>\n\t\t","protected":false},"excerpt":{"rendered":"<p>Witaj w projekcie Red Flag Tw\u00f3j przewodnik po budowaniu zdrowszych, bezpieczniejszych relacji. Cze\u015b\u0107! Jestem Twoim wirtualnym przewodnikiem po platformie projektu Red Flag, stworzonej, aby pom\u00f3c Ci rozpozna\u0107 i reagowa\u0107 na sygna\u0142y ostrzegawcze w relacjach. Niezale\u017cnie od tego, czy chcesz oceni\u0107 swoj\u0105 relacj\u0119, dowiedzie\u0107 si\u0119 wi\u0119cej o zapobieganiu przemocy na tle p\u0142ciowym, czy zaanga\u017cowa\u0107 si\u0119 w [&hellip;]<\/p>\n","protected":false},"author":1,"featured_media":0,"parent":0,"menu_order":0,"comment_status":"closed","ping_status":"closed","template":"elementor_canvas","meta":{"footnotes":""},"class_list":["post-7457","page","type-page","status-publish","hentry"],"_links":{"self":[{"href":"https:\/\/redflag-project.eu\/pl\/wp-json\/wp\/v2\/pages\/7457","targetHints":{"allow":["GET"]}}],"collection":[{"href":"https:\/\/redflag-project.eu\/pl\/wp-json\/wp\/v2\/pages"}],"about":[{"href":"https:\/\/redflag-project.eu\/pl\/wp-json\/wp\/v2\/types\/page"}],"author":[{"embeddable":true,"href":"https:\/\/redflag-project.eu\/pl\/wp-json\/wp\/v2\/users\/1"}],"replies":[{"embeddable":true,"href":"https:\/\/redflag-project.eu\/pl\/wp-json\/wp\/v2\/comments?post=7457"}],"version-history":[{"count":3,"href":"https:\/\/redflag-project.eu\/pl\/wp-json\/wp\/v2\/pages\/7457\/revisions"}],"predecessor-version":[{"id":8246,"href":"https:\/\/redflag-project.eu\/pl\/wp-json\/wp\/v2\/pages\/7457\/revisions\/8246"}],"wp:attachment":[{"href":"https:\/\/redflag-project.eu\/pl\/wp-json\/wp\/v2\/media?parent=7457"}],"curies":[{"name":"wp","href":"https:\/\/api.w.org\/{rel}","templated":true}]}}